{"id":18,"date":"2025-12-30T21:09:44","date_gmt":"2025-12-30T21:09:44","guid":{"rendered":"https:\/\/racionalis.com\/?page_id=18"},"modified":"2025-12-30T21:09:44","modified_gmt":"2025-12-30T21:09:44","slug":"sobre-racionalis","status":"publish","type":"page","link":"https:\/\/racionalis.com\/index.php\/sobre-racionalis\/","title":{"rendered":"Sobre Racionalis"},"content":{"rendered":"<div><img loading=\"lazy\" decoding=\"async\" class=\"wp-image-20 alignleft\" src=\"https:\/\/racionalis.com\/wp-content\/uploads\/2025\/12\/negative-space-holding-light-bulb-snset-julien-bachelet-thumb-1-300x200.jpg\" alt=\"\" width=\"383\" height=\"255\" srcset=\"https:\/\/racionalis.com\/wp-content\/uploads\/2025\/12\/negative-space-holding-light-bulb-snset-julien-bachelet-thumb-1-300x200.jpg 300w, https:\/\/racionalis.com\/wp-content\/uploads\/2025\/12\/negative-space-holding-light-bulb-snset-julien-bachelet-thumb-1-1024x683.jpg 1024w, https:\/\/racionalis.com\/wp-content\/uploads\/2025\/12\/negative-space-holding-light-bulb-snset-julien-bachelet-thumb-1-768x512.jpg 768w, https:\/\/racionalis.com\/wp-content\/uploads\/2025\/12\/negative-space-holding-light-bulb-snset-julien-bachelet-thumb-1.jpg 1062w\" sizes=\"auto, (max-width: 383px) 100vw, 383px\" \/><\/div>\n<p><span class=\"a_GcMg font-feature-liga-off font-feature-clig-off font-feature-calt-off text-decoration-none text-strikethrough-none\">POR M\u00c1S DE 20 A\u00d1OS, HEMOS IDO ACOMPA\u00d1ANDO EL PUJANTE CRECIMIENTO Y EVOLUCI\u00d3N DEL MERCADO, AYUDANDO A LAS EMPRESAS, MEDIANTE LA INSTALACI\u00d3N E IMPLEMENTACI\u00d3N DE HERRAMIENTAS INFORM\u00c1TICAS QUE LAS AYUDEN A ALCANZAR SUS OBJETIVOS.<\/span><\/p>\n<p><span class=\"a_GcMg font-feature-liga-off font-feature-clig-off font-feature-calt-off text-decoration-none text-strikethrough-none\">IMPLEMENTAMOS EXITOSAMENTE SOLUCIONES EN DIVERSOS RUBROS DEL MERCADO COMO: CONSTRUCTORAS, COMERCIOS, TIENDAS RETAIL, FARMACIAS, AGENCIAS DE VIAJES, ASOCIACIONES DE FUNCIONARIOS, IMPORTADORAS, FERRETER\u00cdAS, CLUBES Y MUCHO M\u00c1S.<\/span><\/p>\n<p>&nbsp;<\/p>\n","protected":false},"excerpt":{"rendered":"<p>POR M\u00c1S DE 20 A\u00d1OS, HEMOS IDO ACOMPA\u00d1ANDO EL PUJANTE CRECIMIENTO Y EVOLUCI\u00d3N DEL MERCADO, AYUDANDO A LAS EMPRESAS, MEDIANTE LA INSTALACI\u00d3N E IMPLEMENTACI\u00d3N DE HERRAMIENTAS INFORM\u00c1TICAS QUE LAS AYUDEN A ALCANZAR SUS OBJETIVOS. IMPLEMENTAMOS EXITOSAMENTE SOLUCIONES EN DIVERSOS RUBROS DEL MERCADO COMO: CONSTRUCTORAS, COMERCIOS, TIENDAS RETAIL, FARMACIAS, AGENCIAS DE VIAJES, ASOCIACIONES DE FUNCIONARIOS, IMPORTADORAS, [&hellip;]<\/p>\n","protected":false},"author":1,"featured_media":20,"parent":0,"menu_order":0,"comment_status":"closed","ping_status":"closed","template":"","meta":{"footnotes":""},"class_list":["post-18","page","type-page","status-publish","has-post-thumbnail","hentry"],"_links":{"self":[{"href":"https:\/\/racionalis.com\/index.php\/wp-json\/wp\/v2\/pages\/18","targetHints":{"allow":["GET"]}}],"collection":[{"href":"https:\/\/racionalis.com\/index.php\/wp-json\/wp\/v2\/pages"}],"about":[{"href":"https:\/\/racionalis.com\/index.php\/wp-json\/wp\/v2\/types\/page"}],"author":[{"embeddable":true,"href":"https:\/\/racionalis.com\/index.php\/wp-json\/wp\/v2\/users\/1"}],"replies":[{"embeddable":true,"href":"https:\/\/racionalis.com\/index.php\/wp-json\/wp\/v2\/comments?post=18"}],"version-history":[{"count":1,"href":"https:\/\/racionalis.com\/index.php\/wp-json\/wp\/v2\/pages\/18\/revisions"}],"predecessor-version":[{"id":21,"href":"https:\/\/racionalis.com\/index.php\/wp-json\/wp\/v2\/pages\/18\/revisions\/21"}],"wp:featuredmedia":[{"embeddable":true,"href":"https:\/\/racionalis.com\/index.php\/wp-json\/wp\/v2\/media\/20"}],"wp:attachment":[{"href":"https:\/\/racionalis.com\/index.php\/wp-json\/wp\/v2\/media?parent=18"}],"curies":[{"name":"wp","href":"https:\/\/api.w.org\/{rel}","templated":true}]}}