{"id":14,"date":"2025-12-30T20:51:05","date_gmt":"2025-12-30T20:51:05","guid":{"rendered":"https:\/\/racionalis.com\/?page_id=14"},"modified":"2025-12-30T20:51:05","modified_gmt":"2025-12-30T20:51:05","slug":"contactanos","status":"publish","type":"page","link":"https:\/\/racionalis.com\/index.php\/contactanos\/","title":{"rendered":"Cont\u00e1ctanos"},"content":{"rendered":"<p data-start=\"191\" data-end=\"422\"><img loading=\"lazy\" decoding=\"async\" class=\"alignnone size-medium wp-image-15\" src=\"https:\/\/racionalis.com\/wp-content\/uploads\/2025\/12\/negative-space-woman-coffee-mobile-phone-office-freestock-thumb-1-300x200.jpg\" alt=\"\" width=\"300\" height=\"200\" srcset=\"https:\/\/racionalis.com\/wp-content\/uploads\/2025\/12\/negative-space-woman-coffee-mobile-phone-office-freestock-thumb-1-300x200.jpg 300w, https:\/\/racionalis.com\/wp-content\/uploads\/2025\/12\/negative-space-woman-coffee-mobile-phone-office-freestock-thumb-1-1024x683.jpg 1024w, https:\/\/racionalis.com\/wp-content\/uploads\/2025\/12\/negative-space-woman-coffee-mobile-phone-office-freestock-thumb-1-768x512.jpg 768w, https:\/\/racionalis.com\/wp-content\/uploads\/2025\/12\/negative-space-woman-coffee-mobile-phone-office-freestock-thumb-1.jpg 1062w\" sizes=\"auto, (max-width: 300px) 100vw, 300px\" \/><\/p>\n<p data-start=\"191\" data-end=\"422\">Si tienes alguna pregunta, comentario o simplemente quieres m\u00e1s informaci\u00f3n sobre nuestros servicios, no dudes en escribirnos.<\/p>\n<p data-start=\"191\" data-end=\"422\">Nuestro equipo est\u00e1 listo para ayudarte y responderte lo antes posible.<\/p>\n<p data-start=\"424\" data-end=\"519\"><strong>Escrib\u00ednos al:<\/strong><\/p>\n<p data-start=\"424\" data-end=\"519\">man@racionalis.com<\/p>\n<p data-start=\"424\" data-end=\"519\">o<\/p>\n<p data-start=\"424\" data-end=\"519\"><strong>whatsapp:<\/strong> 0994 58 98 90<\/p>\n<p data-start=\"424\" data-end=\"519\"><br data-start=\"488\" data-end=\"491\" \/>\u00a1Estamos aqu\u00ed para ayudarte!<\/p>\n","protected":false},"excerpt":{"rendered":"<p>Si tienes alguna pregunta, comentario o simplemente quieres m\u00e1s informaci\u00f3n sobre nuestros servicios, no dudes en escribirnos. Nuestro equipo est\u00e1 listo para ayudarte y responderte lo antes posible. Escrib\u00ednos al: man@racionalis.com o whatsapp: 0994 58 98 90 \u00a1Estamos aqu\u00ed para ayudarte!<\/p>\n","protected":false},"author":1,"featured_media":15,"parent":0,"menu_order":0,"comment_status":"closed","ping_status":"closed","template":"","meta":{"footnotes":""},"class_list":["post-14","page","type-page","status-publish","has-post-thumbnail","hentry"],"_links":{"self":[{"href":"https:\/\/racionalis.com\/index.php\/wp-json\/wp\/v2\/pages\/14","targetHints":{"allow":["GET"]}}],"collection":[{"href":"https:\/\/racionalis.com\/index.php\/wp-json\/wp\/v2\/pages"}],"about":[{"href":"https:\/\/racionalis.com\/index.php\/wp-json\/wp\/v2\/types\/page"}],"author":[{"embeddable":true,"href":"https:\/\/racionalis.com\/index.php\/wp-json\/wp\/v2\/users\/1"}],"replies":[{"embeddable":true,"href":"https:\/\/racionalis.com\/index.php\/wp-json\/wp\/v2\/comments?post=14"}],"version-history":[{"count":1,"href":"https:\/\/racionalis.com\/index.php\/wp-json\/wp\/v2\/pages\/14\/revisions"}],"predecessor-version":[{"id":16,"href":"https:\/\/racionalis.com\/index.php\/wp-json\/wp\/v2\/pages\/14\/revisions\/16"}],"wp:featuredmedia":[{"embeddable":true,"href":"https:\/\/racionalis.com\/index.php\/wp-json\/wp\/v2\/media\/15"}],"wp:attachment":[{"href":"https:\/\/racionalis.com\/index.php\/wp-json\/wp\/v2\/media?parent=14"}],"curies":[{"name":"wp","href":"https:\/\/api.w.org\/{rel}","templated":true}]}}